{"id":5577,"date":"2024-05-27T08:12:04","date_gmt":"2024-05-27T08:12:04","guid":{"rendered":"https:\/\/mnh.ikf.mybluehost.me\/website_cd44ac09\/about-us\/"},"modified":"2025-05-11T22:01:09","modified_gmt":"2025-05-11T22:01:09","slug":"about-us","status":"publish","type":"page","link":"https:\/\/genc.construction\/tr\/about-us\/","title":{"rendered":"About Us"},"content":{"rendered":"\t\t<div data-elementor-type=\"wp-page\" data-elementor-id=\"5577\" class=\"elementor elementor-5577 elementor-1398\">\n\t\t\t\t<div class=\"elementor-element elementor-element-193c9d0 e-con-full e-flex e-con e-parent\" data-id=\"193c9d0\" data-element_type=\"container\" data-e-type=\"container\" data-settings=\"{&quot;background_background&quot;:&quot;classic&quot;}\">\n\t\t\t\t<div class=\"elementor-element elementor-element-bb04605 elementor-widget elementor-widget-realarsectiontitle\" data-id=\"bb04605\" data-element_type=\"widget\" data-e-type=\"widget\" data-widget_type=\"realarsectiontitle.default\">\n\t\t\t\t<div class=\"elementor-widget-container\">\n\t\t\t\t\t\t\t<div class=\"title-area text-center  mb-32\">\r\n\t\t\t<span class=\"shadow-title common-title \">Hakk\u0131m\u0131zda<\/span><p class=\"sec-text\"><p class=\"mb-0 text-theme\">Gen\u00e7 Construction, 1999 y\u0131l\u0131nda Kuzey K\u0131br\u0131s\u2019\u0131n Gazima\u011fusa b\u00f6lgesinde kurulmu\u015ftur. Ge\u00e7mi\u015fin sa\u011flam temelleri \u00fczerine gelece\u011fi in\u015fa ederek, her projede modern tasar\u0131m\u0131 ve ince i\u015f\u00e7ili\u011fi bir araya getiriyoruz. Detaylarda m\u00fckemmelli\u011fi, b\u00fct\u00fcnde yenili\u011fi ve kaliteyi birlikte sunuyoruz. Hayalleri ger\u00e7e\u011fe d\u00f6n\u00fc\u015ft\u00fcrerek yaln\u0131zca ya\u015fam alanlar\u0131 in\u015fa etmiyor, onlara benzersiz bir de\u011fer de kat\u0131yoruz.\n\nGen\u00e7 Yap\u0131 Market\u2019ten ald\u0131\u011f\u0131 g\u00fc\u00e7le, her projede kalite ve esteti\u011fi kusursuz bir \u015fekilde harmanlayarak sekt\u00f6rdeki konumunu daha da sa\u011flamla\u015ft\u0131rmaktad\u0131r. S\u00fcrekli b\u00fcy\u00fcme hedefiyle, s\u00fcrd\u00fcr\u00fclebilirlik ve yenilik\u00e7ilik odakl\u0131 projeleriyle gelece\u011fe emin ad\u0131mlarla ilerlemekte ve sekt\u00f6rdeki liderli\u011fini s\u00fcrd\u00fcrmektedir.<\/p><\/p>\t\t<\/div>\r\n\r\n\t\t\t\t\t<\/div>\n\t\t\t\t<\/div>\n\t\t<div class=\"elementor-element elementor-element-5ba1d7f e-flex e-con-boxed e-con e-child\" data-id=\"5ba1d7f\" data-element_type=\"container\" data-e-type=\"container\">\n\t\t\t\t\t<div class=\"e-con-inner\">\n\t\t<div class=\"elementor-element elementor-element-cc22b05 e-con-full e-flex e-con e-child\" data-id=\"cc22b05\" data-element_type=\"container\" data-e-type=\"container\">\n\t\t\t\t<div class=\"elementor-element elementor-element-c3aa09d elementor-widget elementor-widget-realarsectiontitle\" data-id=\"c3aa09d\" data-element_type=\"widget\" data-e-type=\"widget\" data-widget_type=\"realarsectiontitle.default\">\n\t\t\t\t<div class=\"elementor-widget-container\">\n\t\t\t\t\t\t\t<div class=\"title-area text-left  mb-32\">\r\n\t\t\t<h2 class=\"sec-title style2\">Vizyon<\/h2><p class=\"sec-text\"><p class=\"mb-0 text-theme\">Vizyonumuz, yenilik\u00e7i d\u00fc\u015f\u00fcnceyi ve s\u00fcrd\u00fcr\u00fclebilirli\u011fi merkezine alarak, her projede estetik ve i\u015flevselli\u011fi zarif bir \u015fekilde harmanlamak, \u00f6zg\u00fcn konseptler yaratmakt\u0131r. <\/p><\/p>\t\t<\/div>\r\n\r\n\t\t\t\t\t<\/div>\n\t\t\t\t<\/div>\n\t\t\t\t<\/div>\n\t\t<div class=\"elementor-element elementor-element-ca89346 e-con-full e-flex e-con e-child\" data-id=\"ca89346\" data-element_type=\"container\" data-e-type=\"container\">\n\t\t\t\t<div class=\"elementor-element elementor-element-00b54a6 elementor-widget elementor-widget-realarvideo\" data-id=\"00b54a6\" data-element_type=\"widget\" data-e-type=\"widget\" data-widget_type=\"realarvideo.default\">\n\t\t\t\t<div class=\"elementor-widget-container\">\n\t\t\t\t\t<div class=\"img-box3\"><div class=\"img1\"><img decoding=\"async\" loading=\"lazy\" src=\"https:\/\/wordpress.themeholy.com\/realar\/wp-content\/uploads\/2024\/05\/about_3_1.png\" alt=\"About\"><\/div><div class=\"about-tag\"><div class=\"about-experience-tag\"><span class=\"circle-title-anime\">Genc Construction<\/span><\/div><a href=\"https:\/\/www.youtube.com\/watch?v=_sI_Ps7JSEk\" class=\"play-btn popup-video\"><i class=\"fa-sharp fa-solid fa-play\"><\/i><\/a><\/div><\/div>\t\t\t\t<\/div>\n\t\t\t\t<\/div>\n\t\t\t\t<\/div>\n\t\t\t\t\t<\/div>\n\t\t\t\t<\/div>\n\t\t<div class=\"elementor-element elementor-element-6e88f79 e-flex e-con-boxed e-con e-child\" data-id=\"6e88f79\" data-element_type=\"container\" data-e-type=\"container\">\n\t\t\t\t\t<div class=\"e-con-inner\">\n\t\t<div class=\"elementor-element elementor-element-e41ae7a e-con-full img-box3 e-flex e-con e-child\" data-id=\"e41ae7a\" data-element_type=\"container\" data-e-type=\"container\">\n\t\t\t\t<div class=\"elementor-element elementor-element-26a0530 img1 elementor-widget elementor-widget-image\" data-id=\"26a0530\" data-element_type=\"widget\" data-e-type=\"widget\" data-widget_type=\"image.default\">\n\t\t\t\t<div class=\"elementor-widget-container\">\n\t\t\t\t\t\t\t\t\t\t\t\t\t\t\t<img loading=\"lazy\" decoding=\"async\" loading=\"lazy\" width=\"528\" height=\"370\" src=\"https:\/\/genc.construction\/wp-content\/uploads\/2024\/05\/about_3_2.png\" class=\"attachment-large size-large wp-image-5579\" alt=\"\" srcset=\"https:\/\/genc.construction\/wp-content\/uploads\/2024\/05\/about_3_2.png 528w, https:\/\/genc.construction\/wp-content\/uploads\/2024\/05\/about_3_2-300x210.png 300w\" sizes=\"auto, (max-width: 528px) 100vw, 528px\" \/>\t\t\t\t\t\t\t\t\t\t\t\t\t\t\t<\/div>\n\t\t\t\t<\/div>\n\t\t\t\t<\/div>\n\t\t<div class=\"elementor-element elementor-element-50b97ef e-con-full e-flex e-con e-child\" data-id=\"50b97ef\" data-element_type=\"container\" data-e-type=\"container\">\n\t\t\t\t<div class=\"elementor-element elementor-element-5e78fcf elementor-widget elementor-widget-realarsectiontitle\" data-id=\"5e78fcf\" data-element_type=\"widget\" data-e-type=\"widget\" data-widget_type=\"realarsectiontitle.default\">\n\t\t\t\t<div class=\"elementor-widget-container\">\n\t\t\t\t\t\t\t<div class=\"title-area text-left  mb-32\">\r\n\t\t\t<h2 class=\"sec-title style2\">Misyon<\/h2><p class=\"sec-text\"><p class=\"mb-0 text-theme\">Her projede \u00fcst\u00fcn kalite, estetik ve \u00e7evresel sorumluluk anlay\u0131\u015f\u0131n\u0131 birle\u015ftirerek, m\u00fc\u015fterilerimize g\u00fcvenilir ve yenilik\u00e7i \u00e7\u00f6z\u00fcmler sa\u011flamakt\u0131r. <\/p><\/p>\t\t<\/div>\r\n\r\n\t\t\t\t\t<\/div>\n\t\t\t\t<\/div>\n\t\t\t\t<\/div>\n\t\t\t\t\t<\/div>\n\t\t\t\t<\/div>\n\t\t<div class=\"elementor-element elementor-element-6447dff e-flex e-con-boxed e-con e-child\" data-id=\"6447dff\" data-element_type=\"container\" data-e-type=\"container\">\n\t\t\t\t\t<div class=\"e-con-inner\">\n\t\t\t\t<div class=\"elementor-element elementor-element-23bf40e elementor-widget__width-inherit elementor-widget elementor-widget-realarsectiontitle\" data-id=\"23bf40e\" data-element_type=\"widget\" data-e-type=\"widget\" data-widget_type=\"realarsectiontitle.default\">\n\t\t\t\t<div class=\"elementor-widget-container\">\n\t\t\t\t\t\t\t<div class=\"title-area text-center  mb-32\">\r\n\t\t\t<h2 class=\"sec-title style2\">Temel De\u011ferlerimiz<\/h2>\t\t<\/div>\r\n\r\n\t\t\t\t\t<\/div>\n\t\t\t\t<\/div>\n\t\t\t\t\t<\/div>\n\t\t\t\t<\/div>\n\t\t<div class=\"elementor-element elementor-element-e4c6327 e-con-full e-flex e-con e-child\" data-id=\"e4c6327\" data-element_type=\"container\" data-e-type=\"container\">\n\t\t\t\t<div class=\"elementor-element elementor-element-667a220 elementor-widget__width-initial elementor-widget elementor-widget-text-editor\" data-id=\"667a220\" data-element_type=\"widget\" data-e-type=\"widget\" data-widget_type=\"text-editor.default\">\n\t\t\t\t<div class=\"elementor-widget-container\">\n\t\t\t\t\t\t\t\t\t<p style=\"text-align: left;\"><span style=\"color: #1c2d37;\"><strong>JENERAT\u0130F:<\/strong> Her projede \u00f6zg\u00fcn, yenilik\u00e7i ve s\u00fcrd\u00fcr\u00fclebilir \u00e7\u00f6z\u00fcmler sunar. Bu vizyon, yaln\u0131zca mevcut ihtiya\u00e7lara de\u011fil, gelece\u011fin gereksinimlerine de hitap eden yarat\u0131c\u0131 yap\u0131lar ortaya koymay\u0131 hedefler.<\/span><\/p><p style=\"text-align: left;\"><span style=\"color: #1c2d37;\"><strong>D\u0130NAM\u0130Z:<\/strong> Kararl\u0131 ad\u0131mlarla, g\u00fcvenilir ve istikrarl\u0131 projeler sunarak sekt\u00f6rdeki yerini sa\u011flamla\u015ft\u0131r\u0131r<\/span><\/p><p style=\"text-align: left;\"><span style=\"color: #1c2d37;\"><strong>DENEY\u0130M:<\/strong> Sekt\u00f6rde kazand\u0131\u011f\u0131 derin tecr\u00fcbe ve uzmanl\u0131k ile projelerini her zaman m\u00fckemmellik ve g\u00fcvenle in\u015fa eder.<\/span><\/p>\t\t\t\t\t\t\t\t<\/div>\n\t\t\t\t<\/div>\n\t\t\t\t<\/div>\n\t\t\t\t<\/div>\n\t\t<div class=\"elementor-element elementor-element-2679259 e-con-full e-flex e-con e-parent\" data-id=\"2679259\" data-element_type=\"container\" data-e-type=\"container\" data-settings=\"{&quot;background_background&quot;:&quot;classic&quot;}\">\n\t\t\t\t<div class=\"elementor-element elementor-element-f115ccd elementor-widget elementor-widget-realarshapeimage\" data-id=\"f115ccd\" data-element_type=\"widget\" data-e-type=\"widget\" data-widget_type=\"realarshapeimage.default\">\n\t\t\t\t<div class=\"elementor-widget-container\">\n\t\t\t\t\t<!-- Image --><div class=\"shape-mockup sec-bg-shape2-3 text-white spin d-xl-block d-none\" data-bottom=\"5%\" data-left=\"12%\"><img decoding=\"async\" loading=\"lazy\" src=\"https:\/\/wordpress.themeholy.com\/realar\/wp-content\/uploads\/2024\/05\/section_shape_2_1-1.png\" alt=\"Shape Image\" ><\/div><!-- End Image -->\t\t\t\t<\/div>\n\t\t\t\t<\/div>\n\t\t\t\t<div class=\"elementor-element elementor-element-49717f9 elementor-widget elementor-widget-realarshapeimage\" data-id=\"49717f9\" data-element_type=\"widget\" data-e-type=\"widget\" data-widget_type=\"realarshapeimage.default\">\n\t\t\t\t<div class=\"elementor-widget-container\">\n\t\t\t\t\t<!-- Image --><div class=\"shape-mockup sec-bg-shape2-3 text-white jump d-xl-block d-none\" data-top=\"10%\" data-right=\"2%\"><img decoding=\"async\" loading=\"lazy\" src=\"https:\/\/wordpress.themeholy.com\/realar\/wp-content\/uploads\/2024\/05\/section_shape_2_3.png\" alt=\"Shape Image\" ><\/div><!-- End Image -->\t\t\t\t<\/div>\n\t\t\t\t<\/div>\n\t\t<div class=\"elementor-element elementor-element-3c004c0 e-flex e-con-boxed e-con e-child\" data-id=\"3c004c0\" data-element_type=\"container\" data-e-type=\"container\" data-settings=\"{&quot;background_background&quot;:&quot;classic&quot;}\">\n\t\t\t\t\t<div class=\"e-con-inner\">\n\t\t<div class=\"elementor-element elementor-element-e383972 e-con-full e-flex e-con e-child\" data-id=\"e383972\" data-element_type=\"container\" data-e-type=\"container\">\n\t\t\t\t<div class=\"elementor-element elementor-element-3ad41bc elementor-widget elementor-widget-realarsectiontitle\" data-id=\"3ad41bc\" data-element_type=\"widget\" data-e-type=\"widget\" data-widget_type=\"realarsectiontitle.default\">\n\t\t\t\t<div class=\"elementor-widget-container\">\n\t\t\t\t\t\t\t<div class=\"title-area text-left \">\r\n\t\t\t<h2 class=\"sec-title \">Neden Bizi Se\u00e7melisiniz?<\/h2><p class=\"sec-text\">Gen\u00e7 Construction, 27 y\u0131l\u0131 a\u015fk\u0131n tecr\u00fcbesiyle, ortaklar\u0131m\u0131z ve m\u00fc\u015fterilerimiz i\u00e7in ola\u011fan\u00fcst\u00fc ya\u015fam alanlar\u0131 yaratmaktad\u0131r. L\u00fcks gayrimenkul sekt\u00f6r\u00fcnde, kaliteyi, yenili\u011fi ve modern tasar\u0131m\u0131 harmanlayan \u00f6zel \u00e7\u00f6z\u00fcmler sunmaktay\u0131z.<\/p>\t\t<\/div>\r\n\r\n\t\t\t\t\t<\/div>\n\t\t\t\t<\/div>\n\t\t\t\t<\/div>\n\t\t<div class=\"elementor-element elementor-element-8ac302a e-con-full e-flex e-con e-child\" data-id=\"8ac302a\" data-element_type=\"container\" data-e-type=\"container\">\n\t\t\t\t<div class=\"elementor-element elementor-element-5796fdc elementor-widget elementor-widget-realarbutton\" data-id=\"5796fdc\" data-element_type=\"widget\" data-e-type=\"widget\" data-widget_type=\"realarbutton.default\">\n\t\t\t\t<div class=\"elementor-widget-container\">\n\t\t\t\t\t<div class=\"btn-wrapper\"><a class=\"th-btn th_btn style2 th-btn-icon style-border3\" href=\"https:\/\/genc.construction\/tr\/contact\/\">\u0130leti\u015fim<\/a><\/div>\t\t\t\t<\/div>\n\t\t\t\t<\/div>\n\t\t\t\t<\/div>\n\t\t\t\t\t<\/div>\n\t\t\t\t<\/div>\n\t\t\t\t<\/div>\n\t\t\t\t<\/div>\n\t\t","protected":false},"excerpt":{"rendered":"<p>Hakk\u0131m\u0131zda Gen\u00e7 Construction, 1999 y\u0131l\u0131nda Kuzey K\u0131br\u0131s\u2019\u0131n Gazima\u011fusa b\u00f6lgesinde kurulmu\u015ftur. Ge\u00e7mi\u015fin sa\u011flam temelleri \u00fczerine gelece\u011fi in\u015fa ederek, her projede modern tasar\u0131m\u0131 ve ince i\u015f\u00e7ili\u011fi bir araya getiriyoruz. Detaylarda m\u00fckemmelli\u011fi, b\u00fct\u00fcnde yenili\u011fi ve kaliteyi birlikte sunuyoruz. Hayalleri ger\u00e7e\u011fe d\u00f6n\u00fc\u015ft\u00fcrerek yaln\u0131zca ya\u015fam alanlar\u0131 in\u015fa etmiyor, onlara benzersiz bir de\u011fer de kat\u0131yoruz. Gen\u00e7 Yap\u0131 Market\u2019ten ald\u0131\u011f\u0131 g\u00fc\u00e7le, her&#8230;<\/p>\n","protected":false},"author":1,"featured_media":0,"parent":0,"menu_order":0,"comment_status":"closed","ping_status":"closed","template":"template-builder.php","meta":{"nf_dc_page":"","footnotes":""},"class_list":["post-5577","page","type-page","status-publish","hentry"],"_links":{"self":[{"href":"https:\/\/genc.construction\/tr\/wp-json\/wp\/v2\/pages\/5577","targetHints":{"allow":["GET"]}}],"collection":[{"href":"https:\/\/genc.construction\/tr\/wp-json\/wp\/v2\/pages"}],"about":[{"href":"https:\/\/genc.construction\/tr\/wp-json\/wp\/v2\/types\/page"}],"author":[{"embeddable":true,"href":"https:\/\/genc.construction\/tr\/wp-json\/wp\/v2\/users\/1"}],"replies":[{"embeddable":true,"href":"https:\/\/genc.construction\/tr\/wp-json\/wp\/v2\/comments?post=5577"}],"version-history":[{"count":11,"href":"https:\/\/genc.construction\/tr\/wp-json\/wp\/v2\/pages\/5577\/revisions"}],"predecessor-version":[{"id":5833,"href":"https:\/\/genc.construction\/tr\/wp-json\/wp\/v2\/pages\/5577\/revisions\/5833"}],"wp:attachment":[{"href":"https:\/\/genc.construction\/tr\/wp-json\/wp\/v2\/media?parent=5577"}],"curies":[{"name":"wp","href":"https:\/\/api.w.org\/{rel}","templated":true}]}}