{"id":5536,"date":"2024-04-17T06:50:10","date_gmt":"2024-04-17T06:50:10","guid":{"rendered":"https:\/\/mnh.ikf.mybluehost.me\/website_cd44ac09\/home\/"},"modified":"2025-04-29T09:18:59","modified_gmt":"2025-04-29T09:18:59","slug":"home","status":"publish","type":"page","link":"https:\/\/genc.construction\/tr\/","title":{"rendered":"Home"},"content":{"rendered":"\t\t<div data-elementor-type=\"wp-page\" data-elementor-id=\"5536\" class=\"elementor elementor-5536 elementor-42\">\n\t\t\t\t<div class=\"elementor-element elementor-element-a38e790 e-con-full e-flex e-con e-parent\" data-id=\"a38e790\" data-element_type=\"container\" data-e-type=\"container\">\n\t\t\t\t<div class=\"elementor-element elementor-element-74ea9ab elementor-widget elementor-widget-realarbanners\" data-id=\"74ea9ab\" data-element_type=\"widget\" data-e-type=\"widget\" data-widget_type=\"realarbanners.default\">\n\t\t\t\t<div class=\"elementor-widget-container\">\n\t\t\t\t\t<div class=\"hero-1\" id=\"hero\"><div class=\"swiper th-slider hero-slider1\" id=\"heroSlide1\" data-slider-options='{\"effect\":\"fade\", \"autoHeight\":\"true\"}'><div class=\"swiper-wrapper\"><div class=\"swiper-slide\"><div class=\"hero-inner\" data-mask-src=\"https:\/\/genc.construction\/wp-content\/plugins\/realar-core\/assets\/img\/hero_1_bg_mask.png\"><div class=\"th-hero-bg\" data-bg-src=\"https:\/\/zdd.igv.mybluehost.me\/website_9d3ca632\/wp-content\/uploads\/2025\/03\/Bella-Hills-scaled.jpg\"><\/div><div class=\"hero-big-text\">Bella Hills<\/div><div class=\"container\"><div class=\"row align-items-center\"><div class=\"col-lg-6\"><div class=\"hero-style1\"><h1 class=\"hero-title text-white\"><span class=\"title1\" data-ani=\"slideindown\" data-ani-delay=\"0.3s\">Birinci s\u0131n\u0131f<\/span><span class=\"title2\" data-ani=\"slideindown\" data-ani-delay=\"0.4s\">ya\u015fam alan\u0131<\/span><\/h1><p class=\"hero-text text-white\" data-ani=\"slideinup\" data-ani-delay=\"0.5s\">M\u00fc\u015fterilerimizin al\u0131m ve sat\u0131m hedeflerine ula\u015fmalar\u0131na yard\u0131mc\u0131 olmak i\u00e7in tutku, \u00f6zveri ve kaynaklara sahip bir ekibi bir araya getiriyoruz. Yolun her ad\u0131m\u0131nda yan\u0131n\u0131zday\u0131z.<\/p><a href=\"https:\/\/genc.construction\/la-palazzo\/\" class=\"th-btn btn-mask th-btn-icon\" data-ani=\"slideinup\" data-ani-delay=\"0.6s\">Bella Hills<\/a><\/div><\/div><div class=\"col-lg-6\"><div class=\"hero-video-wrap text-center\" data-ani=\"slideinright\" data-ani-delay=\"0.4s\"><a href=\"https:\/\/www.youtube.com\/watch?v=vSum4RYAbkU&#038;ab_channel=AGoodLifeJourneytoNorthCyprus\" class=\"play-btn style2 popup-video\"><i class=\"fa-sharp fa-solid fa-play\"><\/i><\/a><\/div><\/div><\/div><\/div><\/div><\/div><div class=\"swiper-slide\"><div class=\"hero-inner\" data-mask-src=\"https:\/\/genc.construction\/wp-content\/plugins\/realar-core\/assets\/img\/hero_1_bg_mask.png\"><div class=\"th-hero-bg\" data-bg-src=\"https:\/\/zdd.igv.mybluehost.me\/website_9d3ca632\/wp-content\/uploads\/2025\/03\/La-Palazzo-scaled.jpg\"><\/div><div class=\"hero-big-text\">La Palazzo<\/div><div class=\"container\"><div class=\"row align-items-center\"><div class=\"col-lg-6\"><div class=\"hero-style1\"><h1 class=\"hero-title text-white\"><span class=\"title2\" data-ani=\"slideindown\" data-ani-delay=\"0.4s\">L\u00fcks Konforla Bulu\u015fuyor<\/span><\/h1><p class=\"hero-text text-white\" data-ani=\"slideinup\" data-ani-delay=\"0.5s\">M\u00fc\u015fterilerimizin al\u0131m ve sat\u0131m hedeflerine ula\u015fmalar\u0131na yard\u0131mc\u0131 olmak i\u00e7in tutku, \u00f6zveri ve kaynaklara sahip bir ekibi bir araya getiriyoruz. Yolun her ad\u0131m\u0131nda yan\u0131n\u0131zday\u0131z.<\/p><a href=\"https:\/\/genc.construction\/bella-hills\/\" class=\"th-btn btn-mask th-btn-icon\" data-ani=\"slideinup\" data-ani-delay=\"0.6s\">La Palazzo<\/a><\/div><\/div><div class=\"col-lg-6\"><div class=\"hero-video-wrap text-center\" data-ani=\"slideinright\" data-ani-delay=\"0.4s\"><a href=\"https:\/\/www.youtube.com\/watch?v=DwBlX_oDnBo&#038;ab_channel=Cyprusnorthern\" class=\"play-btn style2 popup-video\"><i class=\"fa-sharp fa-solid fa-play\"><\/i><\/a><\/div><\/div><\/div><\/div><\/div><\/div> <\/div><div class=\"slider-pagination\"><\/div><\/div><div class=\"hero-social-link\"><div class=\"social-wrap\"><a  rel=\"nofollow\" href=\"https:\/\/www.facebook.com\/profile.php?id=61571597364377\">FACEBOOK<\/a> <a  rel=\"nofollow\" href=\"https:\/\/www.instagram.com\/genc.construction\/\">INSTAGRAM<\/a> <\/div><\/div><div class=\"scroll-down\"><a href=\"#about-sec\" class=\"hero-scroll-wrap\"><i class=\"fal fa-long-arrow-left\"><\/i>Scroll<\/a><\/div><\/div>\t\t\t\t<\/div>\n\t\t\t\t<\/div>\n\t\t\t\t<\/div>\n\t\t<div class=\"elementor-element elementor-element-63ed403 e-flex e-con-boxed e-con e-parent\" data-id=\"63ed403\" data-element_type=\"container\" data-e-type=\"container\">\n\t\t\t\t\t<div class=\"e-con-inner\">\n\t\t\t\t<div class=\"elementor-element elementor-element-d553ea9 elementor-widget elementor-widget-realarcounterup\" data-id=\"d553ea9\" data-element_type=\"widget\" data-e-type=\"widget\" data-widget_type=\"realarcounterup.default\">\n\t\t\t\t<div class=\"elementor-widget-container\">\n\t\t\t\t\t<div class=\"counter-card-wrap space\"><div class=\"counter-card\"><div class=\"media-body\"><h2 class=\"box-number\"><span class=\"counter-number num\">850<\/span>+<\/h2><p class=\"box-text desc\">ZAR\u0130F DA\u0130RELER<\/p><\/div><\/div><div class=\"counter-card\"><div class=\"media-body\"><h2 class=\"box-number\"><span class=\"counter-number num\">950<\/span>+<\/h2><p class=\"box-text desc\">L\u00dcKS EVLER<\/p><\/div><\/div><div class=\"counter-card\"><div class=\"media-body\"><h2 class=\"box-number\"><span class=\"counter-number num\">18<\/span>K+<\/h2><p class=\"box-text desc\">MEMNUN M\u0130SAF\u0130RLER<\/p><\/div><\/div><div class=\"counter-card\"><div class=\"media-body\"><h2 class=\"box-number\"><span class=\"counter-number num\">2<\/span>K+<\/h2><p class=\"box-text desc\">MUTLU SAH\u0130PLER<\/p><\/div><\/div><\/div>\t\t\t\t<\/div>\n\t\t\t\t<\/div>\n\t\t\t\t\t<\/div>\n\t\t\t\t<\/div>\n\t\t<div class=\"elementor-element elementor-element-2b137f1 e-con-full e-flex e-con e-parent\" data-id=\"2b137f1\" data-element_type=\"container\" data-e-type=\"container\" id=\"about-sec\" data-settings=\"{&quot;background_background&quot;:&quot;classic&quot;}\">\n\t\t<div class=\"elementor-element elementor-element-d934ed0 e-flex e-con-boxed e-con e-child\" data-id=\"d934ed0\" data-element_type=\"container\" data-e-type=\"container\" data-settings=\"{&quot;background_background&quot;:&quot;classic&quot;}\">\n\t\t\t\t\t<div class=\"e-con-inner\">\n\t\t<div class=\"elementor-element elementor-element-27db0f1 e-con-full e-flex e-con e-child\" data-id=\"27db0f1\" data-element_type=\"container\" data-e-type=\"container\">\n\t\t\t\t<div class=\"elementor-element elementor-element-d2fc6c5 elementor-widget elementor-widget-realarsectiontitle\" data-id=\"d2fc6c5\" data-element_type=\"widget\" data-e-type=\"widget\" data-widget_type=\"realarsectiontitle.default\">\n\t\t\t\t<div class=\"elementor-widget-container\">\n\t\t\t\t\t\t\t<div class=\"title-area text-left \">\r\n\t\t\t<span class=\"shadow-title common-title \">Hakk\u0131m\u0131zda<\/span><h2 class=\"sec-title \">Hakk\u0131m\u0131zda<\/h2><p class=\"sec-text\">1999 y\u0131l\u0131nda Gazima\u011fusa'da kurulan Gen\u00e7 \u0130n\u015faat, modern tasar\u0131m ve ince i\u015f\u00e7ilikle yenilik\u00e7i, kaliteli ya\u015fam alanlar\u0131 in\u015fa ediyor.<\/p>\t\t<\/div>\r\n\r\n\t\t\t\t\t<\/div>\n\t\t\t\t<\/div>\n\t\t\t\t<\/div>\n\t\t<div class=\"elementor-element elementor-element-193d25d e-con-full e-flex e-con e-child\" data-id=\"193d25d\" data-element_type=\"container\" data-e-type=\"container\">\n\t\t\t\t<div class=\"elementor-element elementor-element-fc061c6 elementor-widget elementor-widget-realarbutton\" data-id=\"fc061c6\" data-element_type=\"widget\" data-e-type=\"widget\" data-widget_type=\"realarbutton.default\">\n\t\t\t\t<div class=\"elementor-widget-container\">\n\t\t\t\t\t<div class=\"btn-wrapper\"><a class=\"th-btn th_btn btn-mask th-btn-icon \" href=\"https:\/\/genc.construction\/about-us\/\">Daha fazla bilgi edin<\/a><\/div>\t\t\t\t<\/div>\n\t\t\t\t<\/div>\n\t\t\t\t<\/div>\n\t\t\t\t\t<\/div>\n\t\t\t\t<\/div>\n\t\t<div class=\"elementor-element elementor-element-7459133 e-flex e-con-boxed e-con e-child\" data-id=\"7459133\" data-element_type=\"container\" data-e-type=\"container\" data-settings=\"{&quot;background_background&quot;:&quot;classic&quot;}\">\n\t\t\t\t\t<div class=\"e-con-inner\">\n\t\t<div class=\"elementor-element elementor-element-05be78c e-con-full e-flex e-con e-child\" data-id=\"05be78c\" data-element_type=\"container\" data-e-type=\"container\">\n\t\t\t\t<div class=\"elementor-element elementor-element-01e2cc2 elementor-widget elementor-widget-realarimage\" data-id=\"01e2cc2\" data-element_type=\"widget\" data-e-type=\"widget\" data-widget_type=\"realarimage.default\">\n\t\t\t\t<div class=\"elementor-widget-container\">\n\t\t\t\t\t<div class=\"img-box1\"><div class=\"img1 img-shine\" data-mask-src=\"https:\/\/genc.construction\/wp-content\/plugins\/realar-core\/assets\/img\/about-1-mask.png\"><img decoding=\"async\" loading=\"lazy\" src=\"https:\/\/zdd.igv.mybluehost.me\/website_9d3ca632\/wp-content\/uploads\/2025\/03\/Bella-Hills-scaled.jpg\" alt=\"Bella Hills scaled\"  \/><\/div><\/div>\t\t\t\t<\/div>\n\t\t\t\t<\/div>\n\t\t\t\t<\/div>\n\t\t<div class=\"elementor-element elementor-element-cf33a59 e-con-full e-flex e-con e-child\" data-id=\"cf33a59\" data-element_type=\"container\" data-e-type=\"container\">\n\t\t\t\t<div class=\"elementor-element elementor-element-4e78b2d elementor-widget elementor-widget-realarimage\" data-id=\"4e78b2d\" data-element_type=\"widget\" data-e-type=\"widget\" data-widget_type=\"realarimage.default\">\n\t\t\t\t<div class=\"elementor-widget-container\">\n\t\t\t\t\t<div class=\"img-box1\"><div class=\"img1 img-shine\" data-mask-src=\"https:\/\/genc.construction\/wp-content\/plugins\/realar-core\/assets\/img\/about-1-mask.png\"><img decoding=\"async\" loading=\"lazy\" src=\"https:\/\/zdd.igv.mybluehost.me\/website_9d3ca632\/wp-content\/uploads\/2025\/03\/La-Palazzo-scaled.jpg\" alt=\"La Palazzo scaled\"  \/><\/div><\/div>\t\t\t\t<\/div>\n\t\t\t\t<\/div>\n\t\t\t\t<\/div>\n\t\t\t\t\t<\/div>\n\t\t\t\t<\/div>\n\t\t<div class=\"elementor-element elementor-element-2884172 e-flex e-con-boxed e-con e-child\" data-id=\"2884172\" data-element_type=\"container\" data-e-type=\"container\" data-settings=\"{&quot;background_background&quot;:&quot;classic&quot;}\">\n\t\t\t\t\t<div class=\"e-con-inner\">\n\t\t<div class=\"elementor-element elementor-element-ee06f33 e-con-full e-flex e-con e-child\" data-id=\"ee06f33\" data-element_type=\"container\" data-e-type=\"container\">\n\t\t\t\t<div class=\"elementor-element elementor-element-995df32 elementor-widget__width-initial elementor-widget elementor-widget-text-editor\" data-id=\"995df32\" data-element_type=\"widget\" data-e-type=\"widget\" data-widget_type=\"text-editor.default\">\n\t\t\t\t<div class=\"elementor-widget-container\">\n\t\t\t\t\t\t\t\t\t<div class=\"about-wrap1\"><p> <\/p><p class=\"about-text text-white\">Gayrimenkullerinizin kolay ve g\u00fcvenli bir \u015fekilde al\u0131m sat\u0131m\u0131n\u0131 ve y\u00f6netimini kolayla\u015ft\u0131rmak i\u00e7in kapsaml\u0131 gayrimenkul hizmetleri.<\/p><\/div>\t\t\t\t\t\t\t\t<\/div>\n\t\t\t\t<\/div>\n\t\t\t\t<\/div>\n\t\t\t\t\t<\/div>\n\t\t\t\t<\/div>\n\t\t\t\t<\/div>\n\t\t<div class=\"elementor-element elementor-element-c9bb159 e-con-full e-flex e-con e-parent\" data-id=\"c9bb159\" data-element_type=\"container\" data-e-type=\"container\" data-settings=\"{&quot;background_background&quot;:&quot;classic&quot;}\">\n\t\t\t\t<div class=\"elementor-element elementor-element-b7c843f elementor-widget elementor-widget-realarproject\" data-id=\"b7c843f\" data-element_type=\"widget\" data-e-type=\"widget\" data-widget_type=\"realarproject.default\">\n\t\t\t\t<div class=\"elementor-widget-container\">\n\t\t\t\t\t<section class=\"project-area-1 space overflow-hidden\"><div class=\"container\"><div class=\"project-wrap1\"><div class=\"project-number-pagination\" data-slider-tab=\"#projectSlider1\"><div class=\"tab-btn active\"><span>01<\/span><\/div><div class=\"tab-btn \"><span>02<\/span><\/div><\/div><div class=\"row gy-50 justify-content-between align-items-center\"><div class=\"col-xxl-5 col-xl-6\"><div class=\"project-title-wrap1\"><div class=\"title-area mb-40\"><span class=\"shadow-title\">PROJELER<\/span><h2 class=\"sec-title text-white\">Genc Construction&#039;da Modern Ya\u015fam\u0131 Ke\u015ffedin<\/h2><p class=\"sec-text text-white mt-15\">Konut, mimarisine g\u00fcne\u015f panelleri ekleyerek bol g\u00fcne\u015f \u0131\u015f\u0131\u011f\u0131ndan yararlan\u0131yor.<\/p><\/div><div class=\"btn-wrap\"><a href=\"https:\/\/genc.construction\/contact\/\" class=\"th-btn btn-mask th-btn-icon\">Daha Fazlas\u0131n\u0131 Ke\u015ffedin<\/a><\/div><\/div><\/div><div class=\"col-xl-6\"><div class=\"slider-area project-slider-area\"><div class=\"swiper th-slider project-slider1\" id=\"projectSlider1\" data-slider-options='{\"breakpoints\":{\"0\":{\"slidesPerView\":1},\"576\":{\"slidesPerView\":\"1\"},\"768\":{\"slidesPerView\":\"2\"},\"992\":{\"slidesPerView\":\"2\"},\"1200\":{\"slidesPerView\":\"2\"}},\"loop\":false, \"thumbs\":{\"swiper\":\".project-number-pagination\"}}'><div class=\"swiper-wrapper\"><div class=\"swiper-slide\"><div class=\"portfolio-card\"><div class=\"portfolio-img img-shine\" data-mask-src=\"https:\/\/genc.construction\/wp-content\/plugins\/realar-core\/assets\/img\/project-card1-img-mask.png\" data-bs-toggle=\"modal\" data-bs-target=\"#portfolioModal1\"><img decoding=\"async\" loading=\"lazy\" src=\"https:\/\/zdd.igv.mybluehost.me\/website_9d3ca632\/wp-content\/uploads\/2025\/03\/Bella-Hills2.jpg\" alt=\"project image\"><div class=\"portfolio-card-shape\" data-mask-src=\"https:\/\/genc.construction\/wp-content\/plugins\/realar-core\/assets\/img\/project-card1-img-mask.png\"><img decoding=\"async\" loading=\"lazy\" src=\"https:\/\/wordpress.themeholy.com\/realar\/wp-content\/uploads\/2024\/05\/project_shape1_1.png\" alt=\"img\"><\/div><\/div><div class=\"portfolio-content\"><a href=\"#portfolioModal1\" data-bs-toggle=\"modal\" data-bs-target=\"#portfolioModal1\" class=\"icon-btn\"><img decoding=\"async\" loading=\"lazy\" src=\"https:\/\/genc.construction\/wp-content\/plugins\/realar-core\/assets\/img\/arrow-right.svg\" alt=\"img\"><\/a><\/div><\/div><\/div><div class=\"swiper-slide\"><div class=\"portfolio-card\"><div class=\"portfolio-img img-shine\" data-mask-src=\"https:\/\/genc.construction\/wp-content\/plugins\/realar-core\/assets\/img\/project-card1-img-mask.png\" data-bs-toggle=\"modal\" data-bs-target=\"#portfolioModal2\"><img decoding=\"async\" loading=\"lazy\" src=\"https:\/\/zdd.igv.mybluehost.me\/website_9d3ca632\/wp-content\/uploads\/2025\/03\/La-Palazzo2.jpg\" alt=\"project image\"><div class=\"portfolio-card-shape\" data-mask-src=\"https:\/\/genc.construction\/wp-content\/plugins\/realar-core\/assets\/img\/project-card1-img-mask.png\"><img decoding=\"async\" loading=\"lazy\" src=\"https:\/\/wordpress.themeholy.com\/realar\/wp-content\/uploads\/2024\/05\/project_shape1_1.png\" alt=\"img\"><\/div><\/div><div class=\"portfolio-content\"><a href=\"#portfolioModal2\" data-bs-toggle=\"modal\" data-bs-target=\"#portfolioModal2\" class=\"icon-btn\"><img decoding=\"async\" loading=\"lazy\" src=\"https:\/\/genc.construction\/wp-content\/plugins\/realar-core\/assets\/img\/arrow-right.svg\" alt=\"img\"><\/a><\/div><\/div><\/div><\/div><div class=\"slider-pagination d-sm-block d-none\"><\/div><\/div><\/div><\/div><\/div><\/div><\/div><\/section><div class=\"th-modal modal fade\" id=\"portfolioModal1\" tabindex=\"-1\" aria-hidden=\"true\"><div class=\"modal-dialog modal-xl\"><div class=\"modal-content\"><div class=\"container\"><button type=\"button\" class=\"icon-btn btn-close bg-title-dark\" data-bs-dismiss=\"modal\" aria-label=\"Close\"><i class=\"fa-regular fa-xmark\"><\/i><\/button><div class=\"page-single bg-theme\"><\/div><\/div><\/div><\/div><\/div><div class=\"th-modal modal fade\" id=\"portfolioModal2\" tabindex=\"-1\" aria-hidden=\"true\"><div class=\"modal-dialog modal-xl\"><div class=\"modal-content\"><div class=\"container\"><button type=\"button\" class=\"icon-btn btn-close bg-title-dark\" data-bs-dismiss=\"modal\" aria-label=\"Close\"><i class=\"fa-regular fa-xmark\"><\/i><\/button><div class=\"page-single bg-theme\"><\/div><\/div><\/div><\/div><\/div>\t\t\t\t<\/div>\n\t\t\t\t<\/div>\n\t\t\t\t<\/div>\n\t\t<div class=\"elementor-element elementor-element-985b243 e-con-full e-flex e-con e-parent\" data-id=\"985b243\" data-element_type=\"container\" data-e-type=\"container\" data-settings=\"{&quot;background_background&quot;:&quot;classic&quot;}\">\n\t\t<div class=\"elementor-element elementor-element-445bd4a e-flex e-con-boxed e-con e-child\" data-id=\"445bd4a\" data-element_type=\"container\" data-e-type=\"container\" data-settings=\"{&quot;background_background&quot;:&quot;classic&quot;}\">\n\t\t\t\t\t<div class=\"e-con-inner\">\n\t\t<div class=\"elementor-element elementor-element-f548765 e-con-full e-flex e-con e-child\" data-id=\"f548765\" data-element_type=\"container\" data-e-type=\"container\">\n\t\t\t\t<div class=\"elementor-element elementor-element-011b636 elementor-widget elementor-widget-realarsectiontitle\" data-id=\"011b636\" data-element_type=\"widget\" data-e-type=\"widget\" data-widget_type=\"realarsectiontitle.default\">\n\t\t\t\t<div class=\"elementor-widget-container\">\n\t\t\t\t\t\t\t<div class=\"title-area text-center \">\r\n\t\t\t<span class=\"shadow-title common-title \">Gen\u00e7 Construction<\/span><h2 class=\"sec-title \">Gen\u00e7 Construction<\/h2><p class=\"sec-text\">Gen\u00e7 Construction, ortaklar\u0131m\u0131z ve m\u00fc\u015fterilerimiz i\u00e7in ola\u011fan\u00fcst\u00fc mekanlar yaratmaya adanm\u0131\u015f 27 y\u0131l\u0131 a\u015fk\u0131n bir deneyime sahiptir.<\/p>\t\t<\/div>\r\n\r\n\t\t\t\t\t<\/div>\n\t\t\t\t<\/div>\n\t\t\t\t<\/div>\n\t\t\t\t\t<\/div>\n\t\t\t\t<\/div>\n\t\t\t\t<\/div>\n\t\t<div class=\"elementor-element elementor-element-7da01c5 e-flex e-con-boxed e-con e-parent\" data-id=\"7da01c5\" data-element_type=\"container\" data-e-type=\"container\">\n\t\t\t\t\t<div class=\"e-con-inner\">\n\t\t\t\t<div class=\"elementor-element elementor-element-2cac843 elementor-widget elementor-widget-realarvideo\" data-id=\"2cac843\" data-element_type=\"widget\" data-e-type=\"widget\" data-widget_type=\"realarvideo.default\">\n\t\t\t\t<div class=\"elementor-widget-container\">\n\t\t\t\t\t<div class=\"video-area-1 \"><div class=\"video-wrap1\"><div class=\"video-box1\"><img decoding=\"async\" loading=\"lazy\" src=\"https:\/\/zdd.igv.mybluehost.me\/website_9d3ca632\/wp-content\/uploads\/2025\/03\/La-Palazzo2.jpg\" alt=\"img\"><a href=\"https:\/\/www.youtube.com\/watch?v=_sI_Ps7JSEk\" class=\"play-btn style3 popup-video\"><i class=\"fa-sharp fa-solid fa-play\"><\/i><\/a><\/div><div class=\"video-wrap-details\"><div class=\"title-area mb-45\"><h2 class=\"sec-title\">Modern dairemize bir g\u00f6z at\u0131n<\/h2><p class=\"sec-text text-title\">Gen\u00e7 Construction, 27 y\u0131l\u0131 a\u015fk\u0131n uzmanl\u0131\u011f\u0131yla ortaklar\u0131m\u0131z ve m\u00fc\u015fterilerimiz i\u00e7in ola\u011fan\u00fcst\u00fc ya\u015fam alanlar\u0131 yarat\u0131yor. L\u00fcks gayrimenkul pazar\u0131nda, kalite, yenilik ve modern tasar\u0131m\u0131 harmanlayan \u00f6zel \u00e7\u00f6z\u00fcmler sunuyoruz.<\/p><\/div><div class=\"btn-wrap mb-55\"><a href=\"https:\/\/genc.construction\/tr\/contact\/\" class=\"th-btn style2 btn-mask th-btn-icon\">Ziyaret Talebinde Bulunun<\/a><\/div><div class=\"author-grid\"><div class=\"author-profile\"><div class=\"media-body\"><\/div><\/div><\/div><\/div><\/div><\/div>\t\t\t\t<\/div>\n\t\t\t\t<\/div>\n\t\t\t\t\t<\/div>\n\t\t\t\t<\/div>\n\t\t<div class=\"elementor-element elementor-element-6efed03 e-con-full e-flex e-con e-parent\" data-id=\"6efed03\" data-element_type=\"container\" data-e-type=\"container\">\n\t\t<div class=\"elementor-element elementor-element-aaa3701 e-con-full e-flex e-con e-child\" data-id=\"aaa3701\" data-element_type=\"container\" data-e-type=\"container\" data-settings=\"{&quot;background_background&quot;:&quot;classic&quot;}\">\n\t\t\t\t<\/div>\n\t\t\t\t<\/div>\n\t\t\t\t<\/div>\n\t\t","protected":false},"excerpt":{"rendered":"<p>Bella Hills Birinci s\u0131n\u0131fya\u015fam alan\u0131 M\u00fc\u015fterilerimizin al\u0131m ve sat\u0131m hedeflerine ula\u015fmalar\u0131na yard\u0131mc\u0131 olmak i\u00e7in tutku, \u00f6zveri ve kaynaklara sahip bir ekibi bir araya getiriyoruz. Yolun her ad\u0131m\u0131nda yan\u0131n\u0131zday\u0131z. Bella HillsLa Palazzo L\u00fcks Konforla Bulu\u015fuyor M\u00fc\u015fterilerimizin al\u0131m ve sat\u0131m hedeflerine ula\u015fmalar\u0131na yard\u0131mc\u0131 olmak i\u00e7in tutku, \u00f6zveri ve kaynaklara sahip bir ekibi bir araya getiriyoruz. Yolun her&#8230;<\/p>\n","protected":false},"author":1,"featured_media":0,"parent":0,"menu_order":0,"comment_status":"closed","ping_status":"closed","template":"template-builder.php","meta":{"nf_dc_page":"","footnotes":""},"class_list":["post-5536","page","type-page","status-publish","hentry"],"_links":{"self":[{"href":"https:\/\/genc.construction\/tr\/wp-json\/wp\/v2\/pages\/5536","targetHints":{"allow":["GET"]}}],"collection":[{"href":"https:\/\/genc.construction\/tr\/wp-json\/wp\/v2\/pages"}],"about":[{"href":"https:\/\/genc.construction\/tr\/wp-json\/wp\/v2\/types\/page"}],"author":[{"embeddable":true,"href":"https:\/\/genc.construction\/tr\/wp-json\/wp\/v2\/users\/1"}],"replies":[{"embeddable":true,"href":"https:\/\/genc.construction\/tr\/wp-json\/wp\/v2\/comments?post=5536"}],"version-history":[{"count":20,"href":"https:\/\/genc.construction\/tr\/wp-json\/wp\/v2\/pages\/5536\/revisions"}],"predecessor-version":[{"id":5778,"href":"https:\/\/genc.construction\/tr\/wp-json\/wp\/v2\/pages\/5536\/revisions\/5778"}],"wp:attachment":[{"href":"https:\/\/genc.construction\/tr\/wp-json\/wp\/v2\/media?parent=5536"}],"curies":[{"name":"wp","href":"https:\/\/api.w.org\/{rel}","templated":true}]}}